{"id":136,"date":"2025-01-11T11:08:36","date_gmt":"2025-01-11T07:38:36","guid":{"rendered":"http:\/\/bmconception.com\/?page_id=136"},"modified":"2026-02-05T10:37:34","modified_gmt":"2026-02-05T07:07:34","slug":"anagramme","status":"publish","type":"page","link":"https:\/\/bmconception.com\/?page_id=136","title":{"rendered":"ENN\u00c9AGRAMME"},"content":{"rendered":"\t\t<div data-elementor-type=\"wp-page\" data-elementor-id=\"136\" class=\"elementor elementor-136\" data-elementor-post-type=\"page\">\n\t\t\t\t<div class=\"elementor-element elementor-element-b8e4e63 e-flex e-con-boxed e-con e-parent\" data-id=\"b8e4e63\" data-element_type=\"container\" data-e-type=\"container\">\n\t\t\t\t\t<div class=\"e-con-inner\">\n\t\t\t\t<div class=\"elementor-element elementor-element-8ab130f elementor-widget elementor-widget-text-editor\" data-id=\"8ab130f\" data-element_type=\"widget\" data-e-type=\"widget\" data-widget_type=\"text-editor.default\">\n\t\t\t\t<div class=\"elementor-widget-container\">\n\t\t\t\t\t\t\t\t\t<h2>Description g\u00e9n\u00e9rale du cours\u00a0:<\/h2>\t\t\t\t\t\t\t\t<\/div>\n\t\t\t\t<\/div>\n\t\t\t\t\t<\/div>\n\t\t\t\t<\/div>\n\t\t<div class=\"elementor-element elementor-element-5a6a28d e-flex e-con-boxed e-con e-parent\" data-id=\"5a6a28d\" data-element_type=\"container\" data-e-type=\"container\">\n\t\t\t\t\t<div class=\"e-con-inner\">\n\t\t\t\t<div class=\"elementor-element elementor-element-617eb87 elementor-widget elementor-widget-text-editor\" data-id=\"617eb87\" data-element_type=\"widget\" data-e-type=\"widget\" data-widget_type=\"text-editor.default\">\n\t\t\t\t<div class=\"elementor-widget-container\">\n\t\t\t\t\t\t\t\t\t<p>On peut affirmer avec certitude que cette formation nous permet une transformation profonde du personnalit\u00e9 humain, la personnalit\u00e9 que nous observons d\u00e9j\u00e0 chez les gens . En effet, nous apprenons \u00e0 ne plus juger autrui gr\u00e2ce \u00e0 une connaissance et une conscience justes, ainsi qu&#8217;\u00e0 une \u00e9volution de notre perception mentale. Chaque \u00eatre humain poss\u00e8de des forces et des faiblesses uniques de caract\u00e8re et nous d\u00e9couvrons les caract\u00e9ristiques inh\u00e9rentes \u00e0 la nature humaine. Malgr\u00e9 les classifications de la personnalit\u00e9 existantes, nous explorons, au sein de l\u2019Enneagramme, la voie de la croissance et de l&#8217;excellence, pour nous-m\u00eames et pour les autres. Chaque \u00e9tudiant apprend \u00e0 conna\u00eetre autrui, \u00e0 se conna\u00eetre elle-m\u00eame, et \u00e0 identifier les m\u00e9thodes appropri\u00e9es pour atteindre un \u00e9panouissement mat\u00e9riel et spirituel, notamment dans ses relations avec ses proches. Ce syst\u00e8me, \u00e0 la fois efficace et pratique, permettra de mieux comprendre chaque personnalit\u00e9 .<\/p>\t\t\t\t\t\t\t\t<\/div>\n\t\t\t\t<\/div>\n\t\t\t\t\t<\/div>\n\t\t\t\t<\/div>\n\t\t<div class=\"elementor-element elementor-element-5afcb7c e-flex e-con-boxed e-con e-parent\" data-id=\"5afcb7c\" data-element_type=\"container\" data-e-type=\"container\">\n\t\t\t\t\t<div class=\"e-con-inner\">\n\t\t\t\t<div class=\"elementor-element elementor-element-1148c30 elementor-widget elementor-widget-text-editor\" data-id=\"1148c30\" data-element_type=\"widget\" data-e-type=\"widget\" data-widget_type=\"text-editor.default\">\n\t\t\t\t<div class=\"elementor-widget-container\">\n\t\t\t\t\t\t\t\t\t<h2>Chapitres du cours\u00a0:<\/h2>\t\t\t\t\t\t\t\t<\/div>\n\t\t\t\t<\/div>\n\t\t\t\t\t<\/div>\n\t\t\t\t<\/div>\n\t\t<div class=\"elementor-element elementor-element-564d3b0 e-flex e-con-boxed e-con e-parent\" data-id=\"564d3b0\" data-element_type=\"container\" data-e-type=\"container\">\n\t\t\t\t\t<div class=\"e-con-inner\">\n\t\t\t\t<div class=\"elementor-element elementor-element-f58e642 elementor-widget elementor-widget-text-editor\" data-id=\"f58e642\" data-element_type=\"widget\" data-e-type=\"widget\" data-widget_type=\"text-editor.default\">\n\t\t\t\t<div class=\"elementor-widget-container\">\n\t\t\t\t\t\t\t\t\t<p><strong>1 \u2013<\/strong> Introduction \u00e0 l&#8217;histoire de l&#8217;enn\u00e9agramme<\/p><p><strong>2 \u2013<\/strong> Comprendre l\u2019essence des gens et sa diff\u00e9rence avec la personnalit\u00e9, le comportement, etc.<\/p><p><strong>3 \u2013<\/strong> Comprendre les caract\u00e9ristiques des 9 types de personnalit\u00e9<\/p><p><strong>4 \u2013<\/strong> Identifier les forces et les faiblesses de chaque type de personnalit\u00e9<\/p><p><strong>5 \u2013<\/strong> Identification des types voisins pour chaque individu et du parcours ascendant et descendant<\/p><p><strong>6 \u2013<\/strong> Comment chaque type de personnalit\u00e9 interagit avec les autres<\/p><p><strong>7-<\/strong> Qui sont les personnes avec qui vous devriez vous marier ? Et comment devriez-vous vous comporter avec elles ?<\/p><p><strong>8-<\/strong> Comment attirer les gens et g\u00e9rer une bonne relation ?<\/p>\t\t\t\t\t\t\t\t<\/div>\n\t\t\t\t<\/div>\n\t\t\t\t\t<\/div>\n\t\t\t\t<\/div>\n\t\t<div class=\"elementor-element elementor-element-ac31b27 e-flex e-con-boxed e-con e-parent\" data-id=\"ac31b27\" data-element_type=\"container\" data-e-type=\"container\">\n\t\t\t\t\t<div class=\"e-con-inner\">\n\t\t\t\t<div class=\"elementor-element elementor-element-08dd370 elementor-widget elementor-widget-text-editor\" data-id=\"08dd370\" data-element_type=\"widget\" data-e-type=\"widget\" data-widget_type=\"text-editor.default\">\n\t\t\t\t<div class=\"elementor-widget-container\">\n\t\t\t\t\t\t\t\t\t<h2>\u00c0 qui s&#8217;adresse ce cours ?<\/h2>\t\t\t\t\t\t\t\t<\/div>\n\t\t\t\t<\/div>\n\t\t\t\t\t<\/div>\n\t\t\t\t<\/div>\n\t\t<div class=\"elementor-element elementor-element-8850da5 e-flex e-con-boxed e-con e-parent\" data-id=\"8850da5\" data-element_type=\"container\" data-e-type=\"container\">\n\t\t\t\t\t<div class=\"e-con-inner\">\n\t\t\t\t<div class=\"elementor-element elementor-element-4b02f0b elementor-widget elementor-widget-text-editor\" data-id=\"4b02f0b\" data-element_type=\"widget\" data-e-type=\"widget\" data-widget_type=\"text-editor.default\">\n\t\t\t\t<div class=\"elementor-widget-container\">\n\t\t\t\t\t\t\t\t\t<p>Les personnes qui souhaitent atteindre un haut niveau de compr\u00e9hension de leur essence et de leur personnalit\u00e9, identifier leurs forces et leurs faiblesses, et travailler \u00e0 \u00e9liminer leurs faiblesses et \u00e0 renforcer leurs forces.<\/p><p>De plus, ils peuvent apprendre \u00e0 conna\u00eetre les gens qui les entourent plus rapidement et plus profond\u00e9ment, et comprendre comment se comporter avec eux, les attirer ou les repousser.<\/p><p>Ils peuvent \u00e9galement am\u00e9liorer leurs relations et \u00eatre capables de bien g\u00e9rer leurs relations \u00e9motionnelles, familiales et professionnelles, d&#8217;\u00e9tablir les meilleures relations avec leur entourage et d&#8217;atteindre leurs objectifs.<\/p>\t\t\t\t\t\t\t\t<\/div>\n\t\t\t\t<\/div>\n\t\t\t\t\t<\/div>\n\t\t\t\t<\/div>\n\t\t\t\t<\/div>\n\t\t","protected":false},"excerpt":{"rendered":"<p>Description g\u00e9n\u00e9rale du cours\u00a0: On peut affirmer avec certitude que cette formation nous permet une transformation profonde du personnalit\u00e9 humain, la personnalit\u00e9 que nous observons d\u00e9j\u00e0 chez les gens . En effet, nous apprenons \u00e0 ne plus juger autrui gr\u00e2ce \u00e0 une connaissance et une conscience justes, ainsi qu&#8217;\u00e0 une \u00e9volution de notre perception mentale. &hellip; <\/p>\n<p class=\"link-more\"><a href=\"https:\/\/bmconception.com\/?page_id=136\" class=\"more-link\">\u0627\u062f\u0627\u0645\u0647 \u062e\u0648\u0627\u0646\u062f\u0646<span class=\"screen-reader-text\"> &#8220;ENN\u00c9AGRAMME&#8221;<\/span><\/a><\/p>\n","protected":false},"author":1,"featured_media":0,"parent":0,"menu_order":0,"comment_status":"closed","ping_status":"closed","template":"","meta":{"footnotes":""},"class_list":["post-136","page","type-page","status-publish","hentry"],"_links":{"self":[{"href":"https:\/\/bmconception.com\/index.php?rest_route=\/wp\/v2\/pages\/136","targetHints":{"allow":["GET"]}}],"collection":[{"href":"https:\/\/bmconception.com\/index.php?rest_route=\/wp\/v2\/pages"}],"about":[{"href":"https:\/\/bmconception.com\/index.php?rest_route=\/wp\/v2\/types\/page"}],"author":[{"embeddable":true,"href":"https:\/\/bmconception.com\/index.php?rest_route=\/wp\/v2\/users\/1"}],"replies":[{"embeddable":true,"href":"https:\/\/bmconception.com\/index.php?rest_route=%2Fwp%2Fv2%2Fcomments&post=136"}],"version-history":[{"count":10,"href":"https:\/\/bmconception.com\/index.php?rest_route=\/wp\/v2\/pages\/136\/revisions"}],"predecessor-version":[{"id":303,"href":"https:\/\/bmconception.com\/index.php?rest_route=\/wp\/v2\/pages\/136\/revisions\/303"}],"wp:attachment":[{"href":"https:\/\/bmconception.com\/index.php?rest_route=%2Fwp%2Fv2%2Fmedia&parent=136"}],"curies":[{"name":"wp","href":"https:\/\/api.w.org\/{rel}","templated":true}]}}