{"id":143,"date":"2025-01-11T11:31:47","date_gmt":"2025-01-11T08:01:47","guid":{"rendered":"http:\/\/bmconception.com\/?page_id=143"},"modified":"2026-02-05T10:44:17","modified_gmt":"2026-02-05T07:14:17","slug":"lhypnose-ericksonienne","status":"publish","type":"page","link":"https:\/\/bmconception.com\/?page_id=143","title":{"rendered":"L&#8217;HYPNOSE ERICKSONIENNE"},"content":{"rendered":"\t\t<div data-elementor-type=\"wp-page\" data-elementor-id=\"143\" class=\"elementor elementor-143\" data-elementor-post-type=\"page\">\n\t\t\t\t<div class=\"elementor-element elementor-element-074490d e-flex e-con-boxed e-con e-parent\" data-id=\"074490d\" data-element_type=\"container\" data-e-type=\"container\">\n\t\t\t\t\t<div class=\"e-con-inner\">\n\t\t\t\t<div class=\"elementor-element elementor-element-9f962ce elementor-widget elementor-widget-text-editor\" data-id=\"9f962ce\" data-element_type=\"widget\" data-e-type=\"widget\" data-widget_type=\"text-editor.default\">\n\t\t\t\t<div class=\"elementor-widget-container\">\n\t\t\t\t\t\t\t\t\t<h2>Cours d&#8217;hypnose ericksonienne<\/h2>\t\t\t\t\t\t\t\t<\/div>\n\t\t\t\t<\/div>\n\t\t\t\t\t<\/div>\n\t\t\t\t<\/div>\n\t\t<div class=\"elementor-element elementor-element-83bc32a e-flex e-con-boxed e-con e-parent\" data-id=\"83bc32a\" data-element_type=\"container\" data-e-type=\"container\">\n\t\t\t\t\t<div class=\"e-con-inner\">\n\t\t\t\t<div class=\"elementor-element elementor-element-c437a1c elementor-widget elementor-widget-text-editor\" data-id=\"c437a1c\" data-element_type=\"widget\" data-e-type=\"widget\" data-widget_type=\"text-editor.default\">\n\t\t\t\t<div class=\"elementor-widget-container\">\n\t\t\t\t\t\t\t\t\t<p>L&#8217;hypnose, ou sommeil artificiel, est reconnue depuis longtemps comme une th\u00e9rapie comportementale efficace . Elle peut induire des changements profonds chez une personne. En effet, son principe est de plonger le sujet dans un \u00e9tat de semi-sommeil, un \u00e9tat de transe, permettant ainsi d&#8217;\u00e9tablir une communication avec son subconscient. Par des suggestions successives, on induit les changements comportementaux souhait\u00e9s .\u00a0 De mani\u00e8re classique, sans endormir le sujet, on \u00e9tablit cette communication avec son subconscient. Dans l&#8217;hypnose ericksonienne, le sujet atteint soudainement un \u00e9tat de conscience proche de l&#8217;\u00e9veil et remplace ses anciens comportements ind\u00e9sirables par des comportements souhait\u00e9s .<\/p>\t\t\t\t\t\t\t\t<\/div>\n\t\t\t\t<\/div>\n\t\t\t\t\t<\/div>\n\t\t\t\t<\/div>\n\t\t<div class=\"elementor-element elementor-element-52b4b73 e-flex e-con-boxed e-con e-parent\" data-id=\"52b4b73\" data-element_type=\"container\" data-e-type=\"container\">\n\t\t\t\t\t<div class=\"e-con-inner\">\n\t\t\t\t<div class=\"elementor-element elementor-element-77c6f84 elementor-widget elementor-widget-text-editor\" data-id=\"77c6f84\" data-element_type=\"widget\" data-e-type=\"widget\" data-widget_type=\"text-editor.default\">\n\t\t\t\t<div class=\"elementor-widget-container\">\n\t\t\t\t\t\t\t\t\t<h2>\u00c0 qui s&#8217;adresse ce cours ?<\/h2>\t\t\t\t\t\t\t\t<\/div>\n\t\t\t\t<\/div>\n\t\t\t\t\t<\/div>\n\t\t\t\t<\/div>\n\t\t<div class=\"elementor-element elementor-element-99fe317 e-flex e-con-boxed e-con e-parent\" data-id=\"99fe317\" data-element_type=\"container\" data-e-type=\"container\">\n\t\t\t\t\t<div class=\"e-con-inner\">\n\t\t\t\t<div class=\"elementor-element elementor-element-df39170 elementor-widget elementor-widget-text-editor\" data-id=\"df39170\" data-element_type=\"widget\" data-e-type=\"widget\" data-widget_type=\"text-editor.default\">\n\t\t\t\t<div class=\"elementor-widget-container\">\n\t\t\t\t\t\t\t\t\t<p>Ce programme s&#8217;adresse aux personnes qui souhaitent atteindre les objectifs suivants :<\/p><p><strong> 1 &#8211;<\/strong> Se lib\u00e9rer de la toxicomanie et d\u2019addiction ;<\/p><p><strong>2 &#8211;<\/strong> Perdre du poids et se remettre en forme ;<\/p><p><strong> 3 &#8211;<\/strong> Retrouver la s\u00e9r\u00e9nit\u00e9 et un sommeil r\u00e9parateur ;<\/p><p><strong> 4 &#8211;<\/strong> Am\u00e9liorer leurs connaissances et leur niveau d&#8217;\u00e9tudes ;<\/p><p><strong>5 &#8211;<\/strong> \u00c9liminer le stress et l&#8217;anxi\u00e9t\u00e9 ;<\/p><p><strong>6 &#8211;<\/strong> \u00c9panouir leurs relations affectives et familiales ;<\/p><p><strong> 7 &#8211;<\/strong> D\u00e9velopper leurs capacit\u00e9s intellectuelles et mentales ;<\/p><p><strong>8 &#8211;<\/strong> Retrouver vitalit\u00e9 et espoir ;<\/p><p><strong>9 &#8211;<\/strong> R\u00e9ussir professionnellement\u00a0 et devenir un hypnotherapist<\/p><p><strong>10 &#8211;<\/strong> Se lib\u00e9rer des souvenirs douloureux ;<\/p><p><strong>11 &#8211;<\/strong> Surmonter leurs peurs ;<\/p><p><strong>12 &#8211;<\/strong> Soulager certains maux de t\u00eate sans cause physiologique ou pathologique.<\/p>\t\t\t\t\t\t\t\t<\/div>\n\t\t\t\t<\/div>\n\t\t\t\t\t<\/div>\n\t\t\t\t<\/div>\n\t\t\t\t<\/div>\n\t\t","protected":false},"excerpt":{"rendered":"<p>Cours d&#8217;hypnose ericksonienne L&#8217;hypnose, ou sommeil artificiel, est reconnue depuis longtemps comme une th\u00e9rapie comportementale efficace . Elle peut induire des changements profonds chez une personne. En effet, son principe est de plonger le sujet dans un \u00e9tat de semi-sommeil, un \u00e9tat de transe, permettant ainsi d&#8217;\u00e9tablir une communication avec son subconscient. Par des suggestions &hellip; <\/p>\n<p class=\"link-more\"><a href=\"https:\/\/bmconception.com\/?page_id=143\" class=\"more-link\">\u0627\u062f\u0627\u0645\u0647 \u062e\u0648\u0627\u0646\u062f\u0646<span class=\"screen-reader-text\"> &#8220;L&#8217;HYPNOSE ERICKSONIENNE&#8221;<\/span><\/a><\/p>\n","protected":false},"author":1,"featured_media":0,"parent":0,"menu_order":0,"comment_status":"closed","ping_status":"closed","template":"","meta":{"footnotes":""},"class_list":["post-143","page","type-page","status-publish","hentry"],"_links":{"self":[{"href":"https:\/\/bmconception.com\/index.php?rest_route=\/wp\/v2\/pages\/143","targetHints":{"allow":["GET"]}}],"collection":[{"href":"https:\/\/bmconception.com\/index.php?rest_route=\/wp\/v2\/pages"}],"about":[{"href":"https:\/\/bmconception.com\/index.php?rest_route=\/wp\/v2\/types\/page"}],"author":[{"embeddable":true,"href":"https:\/\/bmconception.com\/index.php?rest_route=\/wp\/v2\/users\/1"}],"replies":[{"embeddable":true,"href":"https:\/\/bmconception.com\/index.php?rest_route=%2Fwp%2Fv2%2Fcomments&post=143"}],"version-history":[{"count":4,"href":"https:\/\/bmconception.com\/index.php?rest_route=\/wp\/v2\/pages\/143\/revisions"}],"predecessor-version":[{"id":306,"href":"https:\/\/bmconception.com\/index.php?rest_route=\/wp\/v2\/pages\/143\/revisions\/306"}],"wp:attachment":[{"href":"https:\/\/bmconception.com\/index.php?rest_route=%2Fwp%2Fv2%2Fmedia&parent=143"}],"curies":[{"name":"wp","href":"https:\/\/api.w.org\/{rel}","templated":true}]}}