{"id":16,"date":"2025-01-09T11:03:31","date_gmt":"2025-01-09T07:33:31","guid":{"rendered":"https:\/\/bmconception.com\/?page_id=16"},"modified":"2026-02-05T11:27:53","modified_gmt":"2026-02-05T07:57:53","slug":"nlp","status":"publish","type":"page","link":"https:\/\/bmconception.com\/?page_id=16","title":{"rendered":"COURS DE TECHNICIEN (INTRODUCTION \u00c0 LA PNL)"},"content":{"rendered":"\t\t<div data-elementor-type=\"wp-page\" data-elementor-id=\"16\" class=\"elementor elementor-16\" data-elementor-post-type=\"page\">\n\t\t\t\t<div class=\"elementor-element elementor-element-47ee04f e-flex e-con-boxed e-con e-parent\" data-id=\"47ee04f\" data-element_type=\"container\" data-e-type=\"container\">\n\t\t\t\t\t<div class=\"e-con-inner\">\n\t\t\t\t<div class=\"elementor-element elementor-element-e35ae00 elementor-widget elementor-widget-text-editor\" data-id=\"e35ae00\" data-element_type=\"widget\" data-e-type=\"widget\" data-widget_type=\"text-editor.default\">\n\t\t\t\t<div class=\"elementor-widget-container\">\n\t\t\t\t\t\t\t\t\t<h2><strong>1-<\/strong> Description g\u00e9n\u00e9rale du cours<\/h2>\t\t\t\t\t\t\t\t<\/div>\n\t\t\t\t<\/div>\n\t\t\t\t\t<\/div>\n\t\t\t\t<\/div>\n\t\t<div class=\"elementor-element elementor-element-5387ea2 e-flex e-con-boxed e-con e-parent\" data-id=\"5387ea2\" data-element_type=\"container\" data-e-type=\"container\">\n\t\t\t\t\t<div class=\"e-con-inner\">\n\t\t\t\t<div class=\"elementor-element elementor-element-36fff06 elementor-widget elementor-widget-text-editor\" data-id=\"36fff06\" data-element_type=\"widget\" data-e-type=\"widget\" data-widget_type=\"text-editor.default\">\n\t\t\t\t<div class=\"elementor-widget-container\">\n\t\t\t\t\t\t\t\t\t<p><strong>1 )<\/strong> Dans ce cours, nous explorerons le fonctionnement de notre cerveau . Nous apprendrons que l&#8217;\u00eatre humain est pr\u00e9dispos\u00e9 \u00e0 la reprogrammation et qu&#8217;avec le nouveau programme que nous introduisons dans notre subconscient, nous pouvons influencer nos attitudes, notre langage, nos actions et nos comportements, et ainsi prendre le contr\u00f4le de nos syst\u00e8mes nerveux et comportemental. Ce cours propose un ensemble de techniques pratiques et efficaces dont l&#8217;effet sur le participant sera visible d\u00e8s leur mise en \u0153uvre.<\/p>\t\t\t\t\t\t\t\t<\/div>\n\t\t\t\t<\/div>\n\t\t\t\t\t<\/div>\n\t\t\t\t<\/div>\n\t\t<div class=\"elementor-element elementor-element-4ce8e65 e-flex e-con-boxed e-con e-parent\" data-id=\"4ce8e65\" data-element_type=\"container\" data-e-type=\"container\">\n\t\t\t\t\t<div class=\"e-con-inner\">\n\t\t\t\t<div class=\"elementor-element elementor-element-43da202 elementor-widget elementor-widget-text-editor\" data-id=\"43da202\" data-element_type=\"widget\" data-e-type=\"widget\" data-widget_type=\"text-editor.default\">\n\t\t\t\t<div class=\"elementor-widget-container\">\n\t\t\t\t\t\t\t\t\t<h2><strong>2-<\/strong> \u00c0 qui s&#8217;adresse ce cours ?<\/h2>\t\t\t\t\t\t\t\t<\/div>\n\t\t\t\t<\/div>\n\t\t\t\t\t<\/div>\n\t\t\t\t<\/div>\n\t\t<div class=\"elementor-element elementor-element-84f8845 e-flex e-con-boxed e-con e-parent\" data-id=\"84f8845\" data-element_type=\"container\" data-e-type=\"container\">\n\t\t\t\t\t<div class=\"e-con-inner\">\n\t\t\t\t<div class=\"elementor-element elementor-element-df04902 elementor-widget elementor-widget-text-editor\" data-id=\"df04902\" data-element_type=\"widget\" data-e-type=\"widget\" data-widget_type=\"text-editor.default\">\n\t\t\t\t<div class=\"elementor-widget-container\">\n\t\t\t\t\t\t\t\t\t<p><strong>1 &#8211;<\/strong> Les personnes qui souhaitent modifier leur programmation mentale et cr\u00e9er un nouveau programme au niveau subconscient. Par exemple : (Je n\u2019ai pas de chance) (On ne peut pas devenir riche ici) (Tous les riches volent).<\/p><p><strong>2 &#8211;<\/strong> Les personnes qui souhaitent entrer en communication avec d&#8217;autres personnes ou attirer la personne qu&#8217;elles d\u00e9sirent.<\/p><p><strong>3 &#8211;<\/strong> Les personnes qui ne connaissent pas leur objectif ou qui ont des obstacles cach\u00e9s \u00e0 atteindre leurs objectifs recherchent un chemin r\u00e9aliste pour atteindre leur objectif.<\/p><p><strong>4 &#8211;<\/strong> Ceux qui veulent prendre le contr\u00f4le de leurs \u00e9motions et \u00e9liminer d\u00e9finitivement les \u00e9motions ind\u00e9sirables telles que la peur, le stress, l&#8217;anxi\u00e9t\u00e9, la col\u00e8re et la g\u00eane.\u00a0<\/p><p><strong>5 &#8211;<\/strong> Dissoudre les images d\u00e9sagr\u00e9ables laiss\u00e9es par un accident, un divorce ou un d\u00e9c\u00e8s, et parvenir \u00e0 la paix<\/p>\t\t\t\t\t\t\t\t<\/div>\n\t\t\t\t<\/div>\n\t\t\t\t\t<\/div>\n\t\t\t\t<\/div>\n\t\t<div class=\"elementor-element elementor-element-5158d6d e-flex e-con-boxed e-con e-parent\" data-id=\"5158d6d\" data-element_type=\"container\" data-e-type=\"container\">\n\t\t\t\t\t<div class=\"e-con-inner\">\n\t\t\t\t<div class=\"elementor-element elementor-element-c8e6e83 elementor-widget elementor-widget-text-editor\" data-id=\"c8e6e83\" data-element_type=\"widget\" data-e-type=\"widget\" data-widget_type=\"text-editor.default\">\n\t\t\t\t<div class=\"elementor-widget-container\">\n\t\t\t\t\t\t\t\t\t<h2>Ce cours n&#8217;est pas recommand\u00e9 aux personnes suivantes\u00a0:<\/h2>\t\t\t\t\t\t\t\t<\/div>\n\t\t\t\t<\/div>\n\t\t\t\t\t<\/div>\n\t\t\t\t<\/div>\n\t\t<div class=\"elementor-element elementor-element-39a6730 e-flex e-con-boxed e-con e-parent\" data-id=\"39a6730\" data-element_type=\"container\" data-e-type=\"container\">\n\t\t\t\t\t<div class=\"e-con-inner\">\n\t\t\t\t<div class=\"elementor-element elementor-element-35aaeae elementor-widget elementor-widget-text-editor\" data-id=\"35aaeae\" data-element_type=\"widget\" data-e-type=\"widget\" data-widget_type=\"text-editor.default\">\n\t\t\t\t<div class=\"elementor-widget-container\">\n\t\t\t\t\t\t\t\t\t<p>Tout d&#8217;abord, les personnes qui refusent de changer et d&#8217;am\u00e9liorer leur situation.<\/p><p>Deuxi\u00e8mement, les personnes qui ne poursuivent pas d&#8217;objectif pr\u00e9cis et qui profitent de la vie au quotidien.<\/p><p>Des personnes qui ne souhaitent pas entretenir de bonnes relations, qui ont m\u00eame une faible estime d&#8217;elles-m\u00eames et qui ont peur de dire non ou d&#8217;\u00eatre entendues.<\/p><p>Les personnes qui ont du mal \u00e0 prendre des risques, qui h\u00e9sitent \u00e0 participer \u00e0 des \u00e9v\u00e9nements publics ou \u00e0 prendre la parole en public, et qui se consid\u00e8rent comme des individus isol\u00e9s.\u00a0 Enfin, les personnes qui se sont habitu\u00e9es \u00e0 leurs sentiments ind\u00e9sirables, tels que la peur, le stress, la col\u00e8re et la honte, et qui continuent de vivre avec.<\/p>\t\t\t\t\t\t\t\t<\/div>\n\t\t\t\t<\/div>\n\t\t\t\t\t<\/div>\n\t\t\t\t<\/div>\n\t\t<div class=\"elementor-element elementor-element-78e23b9 e-flex e-con-boxed e-con e-parent\" data-id=\"78e23b9\" data-element_type=\"container\" data-e-type=\"container\">\n\t\t\t\t\t<div class=\"e-con-inner\">\n\t\t\t\t<div class=\"elementor-element elementor-element-fb2597d elementor-widget elementor-widget-text-editor\" data-id=\"fb2597d\" data-element_type=\"widget\" data-e-type=\"widget\" data-widget_type=\"text-editor.default\">\n\t\t\t\t<div class=\"elementor-widget-container\">\n\t\t\t\t\t\t\t\t\t<h2><strong>3-<\/strong> Programme du cours<\/h2>\t\t\t\t\t\t\t\t<\/div>\n\t\t\t\t<\/div>\n\t\t\t\t\t<\/div>\n\t\t\t\t<\/div>\n\t\t<div class=\"elementor-element elementor-element-c4c49f8 e-flex e-con-boxed e-con e-parent\" data-id=\"c4c49f8\" data-element_type=\"container\" data-e-type=\"container\">\n\t\t\t\t\t<div class=\"e-con-inner\">\n\t\t\t\t<div class=\"elementor-element elementor-element-1f78634 elementor-widget elementor-widget-text-editor\" data-id=\"1f78634\" data-element_type=\"widget\" data-e-type=\"widget\" data-widget_type=\"text-editor.default\">\n\t\t\t\t<div class=\"elementor-widget-container\">\n\t\t\t\t\t\t\t\t\t<p>Techniques li\u00e9es \u00e0\u00a0:<\/p><p><strong>1 &#8211;<\/strong> Comprendre le subconscient et le fonctionnement du syst\u00e8me nerveux chez l&#8217;\u00eatre humain<\/p><p><strong>2 \u2013<\/strong> pr\u00e9ssoupos\u00e9s de la PNL<\/p><p><strong>3 &#8211;<\/strong> Principes d&#8217;une communication efficace<\/p><p><strong>4 &#8211;<\/strong> Principes de la fixation d&#8217;objectifs<\/p><p><strong>5 &#8211;<\/strong> Supprimer les barri\u00e8res mentales<\/p><p><strong>6 &#8211;<\/strong> Soulager les sentiments d\u00e9sagr\u00e9ables li\u00e9s \u00e0 l&#8217;agression (stress, anxi\u00e9t\u00e9, peur, col\u00e8re, g\u00eane, etc.)<\/p><p><strong>7 &#8211;<\/strong> \u00c9liminer les images ind\u00e9sirables et les souvenirs amers du pass\u00e9<\/p>\t\t\t\t\t\t\t\t<\/div>\n\t\t\t\t<\/div>\n\t\t\t\t\t<\/div>\n\t\t\t\t<\/div>\n\t\t<div class=\"elementor-element elementor-element-f07319d e-flex e-con-boxed e-con e-parent\" data-id=\"f07319d\" data-element_type=\"container\" data-e-type=\"container\">\n\t\t\t\t\t<div class=\"e-con-inner\">\n\t\t\t\t<div class=\"elementor-element elementor-element-6a925be elementor-widget elementor-widget-text-editor\" data-id=\"6a925be\" data-element_type=\"widget\" data-e-type=\"widget\" data-widget_type=\"text-editor.default\">\n\t\t\t\t<div class=\"elementor-widget-container\">\n\t\t\t\t\t\t\t\t\t<h2><strong>4-<\/strong> Dur\u00e9e du cours classique<\/h2>\t\t\t\t\t\t\t\t<\/div>\n\t\t\t\t<\/div>\n\t\t\t\t\t<\/div>\n\t\t\t\t<\/div>\n\t\t<div class=\"elementor-element elementor-element-0412e40 e-flex e-con-boxed e-con e-parent\" data-id=\"0412e40\" data-element_type=\"container\" data-e-type=\"container\">\n\t\t\t\t\t<div class=\"e-con-inner\">\n\t\t\t\t<div class=\"elementor-element elementor-element-ad5c0d7 elementor-widget elementor-widget-text-editor\" data-id=\"ad5c0d7\" data-element_type=\"widget\" data-e-type=\"widget\" data-widget_type=\"text-editor.default\">\n\t\t\t\t<div class=\"elementor-widget-container\">\n\t\t\t\t\t\t\t\t\t<p>\u00a0<strong>50<\/strong> heures<\/p>\t\t\t\t\t\t\t\t<\/div>\n\t\t\t\t<\/div>\n\t\t\t\t\t<\/div>\n\t\t\t\t<\/div>\n\t\t\t\t<\/div>\n\t\t","protected":false},"excerpt":{"rendered":"<p>1- Description g\u00e9n\u00e9rale du cours 1 ) Dans ce cours, nous explorerons le fonctionnement de notre cerveau . Nous apprendrons que l&#8217;\u00eatre humain est pr\u00e9dispos\u00e9 \u00e0 la reprogrammation et qu&#8217;avec le nouveau programme que nous introduisons dans notre subconscient, nous pouvons influencer nos attitudes, notre langage, nos actions et nos comportements, et ainsi prendre le &hellip; <\/p>\n<p class=\"link-more\"><a href=\"https:\/\/bmconception.com\/?page_id=16\" class=\"more-link\">\u0627\u062f\u0627\u0645\u0647 \u062e\u0648\u0627\u0646\u062f\u0646<span class=\"screen-reader-text\"> &#8220;COURS DE TECHNICIEN (INTRODUCTION \u00c0 LA PNL)&#8221;<\/span><\/a><\/p>\n","protected":false},"author":1,"featured_media":0,"parent":0,"menu_order":0,"comment_status":"closed","ping_status":"closed","template":"","meta":{"footnotes":""},"class_list":["post-16","page","type-page","status-publish","hentry"],"_links":{"self":[{"href":"https:\/\/bmconception.com\/index.php?rest_route=\/wp\/v2\/pages\/16","targetHints":{"allow":["GET"]}}],"collection":[{"href":"https:\/\/bmconception.com\/index.php?rest_route=\/wp\/v2\/pages"}],"about":[{"href":"https:\/\/bmconception.com\/index.php?rest_route=\/wp\/v2\/types\/page"}],"author":[{"embeddable":true,"href":"https:\/\/bmconception.com\/index.php?rest_route=\/wp\/v2\/users\/1"}],"replies":[{"embeddable":true,"href":"https:\/\/bmconception.com\/index.php?rest_route=%2Fwp%2Fv2%2Fcomments&post=16"}],"version-history":[{"count":4,"href":"https:\/\/bmconception.com\/index.php?rest_route=\/wp\/v2\/pages\/16\/revisions"}],"predecessor-version":[{"id":322,"href":"https:\/\/bmconception.com\/index.php?rest_route=\/wp\/v2\/pages\/16\/revisions\/322"}],"wp:attachment":[{"href":"https:\/\/bmconception.com\/index.php?rest_route=%2Fwp%2Fv2%2Fmedia&parent=16"}],"curies":[{"name":"wp","href":"https:\/\/api.w.org\/{rel}","templated":true}]}}