{"id":88,"date":"2025-01-09T13:39:41","date_gmt":"2025-01-09T10:09:41","guid":{"rendered":"https:\/\/bmconception.com\/?page_id=88"},"modified":"2026-02-05T11:02:37","modified_gmt":"2026-02-05T07:32:37","slug":"master-practitioner","status":"publish","type":"page","link":"https:\/\/bmconception.com\/?page_id=88","title":{"rendered":"COURS DE MA\u00ceTRE PRATICIEN"},"content":{"rendered":"\t\t<div data-elementor-type=\"wp-page\" data-elementor-id=\"88\" class=\"elementor elementor-88\" data-elementor-post-type=\"page\">\n\t\t\t\t<div class=\"elementor-element elementor-element-c61315c e-flex e-con-boxed e-con e-parent\" data-id=\"c61315c\" data-element_type=\"container\" data-e-type=\"container\">\n\t\t\t\t\t<div class=\"e-con-inner\">\n\t\t\t\t<div class=\"elementor-element elementor-element-9d459ef elementor-widget elementor-widget-text-editor\" data-id=\"9d459ef\" data-element_type=\"widget\" data-e-type=\"widget\" data-widget_type=\"text-editor.default\">\n\t\t\t\t<div class=\"elementor-widget-container\">\n\t\t\t\t\t\t\t\t\t<h2>Explication g\u00e9n\u00e9rale des cours de ma\u00eetre praticien\u00a0<\/h2>\t\t\t\t\t\t\t\t<\/div>\n\t\t\t\t<\/div>\n\t\t\t\t\t<\/div>\n\t\t\t\t<\/div>\n\t\t<div class=\"elementor-element elementor-element-addef7f e-flex e-con-boxed e-con e-parent\" data-id=\"addef7f\" data-element_type=\"container\" data-e-type=\"container\">\n\t\t\t\t\t<div class=\"e-con-inner\">\n\t\t\t\t<div class=\"elementor-element elementor-element-de4575d elementor-widget elementor-widget-text-editor\" data-id=\"de4575d\" data-element_type=\"widget\" data-e-type=\"widget\" data-widget_type=\"text-editor.default\">\n\t\t\t\t<div class=\"elementor-widget-container\">\n\t\t\t\t\t\t\t\t\t<p>Dans le cadre de ce Master, nous pourrons concevoir et d\u00e9velopper de nombreuses techniques en combinant des m\u00e9thodes avanc\u00e9es. Ce cours nous permettra d&#8217;agir en expert en mati\u00e8re de comportement et de changement, pour nous-m\u00eames ou pour autrui, dans le domaine du coaching de d\u00e9veloppement personnel , du coaching et du conseil. Gr\u00e2ce \u00e0 ce master,l&#8217;Enn\u00e9agramme et \u00e0 l&#8217;hypnose ericksonienne, nous explorerons en profondeur les comportements, tant les n\u00f4tres que ceux de nos interlocuteurs, afin d&#8217;avoir un impact significatif sur eux-m\u00eames et sur nos publics. En progressant vers le sommet des pyramides de Dilts et de Maslow, nous acc\u00e9derons aux dimensions de l&#8217;identit\u00e9 et de la spiritualit\u00e9, et approfondirons notre compr\u00e9hension du monde, notamment en identifiant les diff\u00e9rentes \u00e9motions et en comprenant leur origine. En op\u00e9rant des changements aux niveaux sup\u00e9rieurs de ces pyramides, nous aurons un impact consid\u00e9rable sur les niveaux inf\u00e9rieurs, car un changement d&#8217;attitude et, au sommet de la pyramide, une transformation de la perspective et de la vision du monde s&#8217;op\u00e9reront. Ces changements seront plus rapides et plus durables.<\/p><p>Dur\u00e9e de cours classique : <strong>150<\/strong>h<\/p>\t\t\t\t\t\t\t\t<\/div>\n\t\t\t\t<\/div>\n\t\t\t\t\t<\/div>\n\t\t\t\t<\/div>\n\t\t\t\t<\/div>\n\t\t","protected":false},"excerpt":{"rendered":"<p>Explication g\u00e9n\u00e9rale des cours de ma\u00eetre praticien\u00a0 Dans le cadre de ce Master, nous pourrons concevoir et d\u00e9velopper de nombreuses techniques en combinant des m\u00e9thodes avanc\u00e9es. Ce cours nous permettra d&#8217;agir en expert en mati\u00e8re de comportement et de changement, pour nous-m\u00eames ou pour autrui, dans le domaine du coaching de d\u00e9veloppement personnel , du &hellip; <\/p>\n<p class=\"link-more\"><a href=\"https:\/\/bmconception.com\/?page_id=88\" class=\"more-link\">\u0627\u062f\u0627\u0645\u0647 \u062e\u0648\u0627\u0646\u062f\u0646<span class=\"screen-reader-text\"> &#8220;COURS DE MA\u00ceTRE PRATICIEN&#8221;<\/span><\/a><\/p>\n","protected":false},"author":1,"featured_media":0,"parent":0,"menu_order":0,"comment_status":"closed","ping_status":"closed","template":"","meta":{"footnotes":""},"class_list":["post-88","page","type-page","status-publish","hentry"],"_links":{"self":[{"href":"https:\/\/bmconception.com\/index.php?rest_route=\/wp\/v2\/pages\/88","targetHints":{"allow":["GET"]}}],"collection":[{"href":"https:\/\/bmconception.com\/index.php?rest_route=\/wp\/v2\/pages"}],"about":[{"href":"https:\/\/bmconception.com\/index.php?rest_route=\/wp\/v2\/types\/page"}],"author":[{"embeddable":true,"href":"https:\/\/bmconception.com\/index.php?rest_route=\/wp\/v2\/users\/1"}],"replies":[{"embeddable":true,"href":"https:\/\/bmconception.com\/index.php?rest_route=%2Fwp%2Fv2%2Fcomments&post=88"}],"version-history":[{"count":7,"href":"https:\/\/bmconception.com\/index.php?rest_route=\/wp\/v2\/pages\/88\/revisions"}],"predecessor-version":[{"id":312,"href":"https:\/\/bmconception.com\/index.php?rest_route=\/wp\/v2\/pages\/88\/revisions\/312"}],"wp:attachment":[{"href":"https:\/\/bmconception.com\/index.php?rest_route=%2Fwp%2Fv2%2Fmedia&parent=88"}],"curies":[{"name":"wp","href":"https:\/\/api.w.org\/{rel}","templated":true}]}}